{"id":433,"date":"2019-12-16T14:32:51","date_gmt":"2019-12-16T13:32:51","guid":{"rendered":"http:\/\/be-steel.com\/mentions-legales-politique-de-confidentialite-protection-donnees\/"},"modified":"2020-01-20T14:14:17","modified_gmt":"2020-01-20T13:14:17","slug":"legal-notices-privacy-policy-and-data-protection","status":"publish","type":"page","link":"http:\/\/be-steel.com\/en\/legal-notices-privacy-policy-and-data-protection\/","title":{"rendered":"Legal notices, privacy policy and data protection"},"content":{"rendered":"<h2>Mentions l\u00e9gales<\/h2>\n<ul>\n<li><a title=\"Aller \u00e0 cette section\" href=\"#informations-legales\">1. Informations l\u00e9gales<\/a>\n<ul>\n<li><a title=\"Aller \u00e0 cette section\" href=\"#presentation-site\">1.1. Pr\u00e9sentation du site<\/a><\/li>\n<li><a title=\"Aller \u00e0 cette section\" href=\"#cgu\">1.2. Conditions g\u00e9n\u00e9rales d\u2019utilisation du site et des services propos\u00e9s<\/a><\/li>\n<li><a title=\"Aller \u00e0 cette section\" href=\"#services-fournis\">1.3. Description des services fournis<\/a><\/li>\n<li><a title=\"Aller \u00e0 cette section\" href=\"#limitations-contractuelles\">1.4. Limitations contractuelles sur les donn\u00e9es techniques<\/a><\/li>\n<li><a title=\"Aller \u00e0 cette section\" href=\"#propriete-intellectuelle\">1.5. Propri\u00e9t\u00e9 intellectuelle et contrefa\u00e7ons<\/a><\/li>\n<li><a title=\"Aller \u00e0 cette section\" href=\"#limitations-responsabilites\">1.6. Limitations de responsabilit\u00e9<\/a><\/li>\n<li><a title=\"Aller \u00e0 cette section\" href=\"#gestion-donnees\">1.7. Gestion des donn\u00e9es personnelles<\/a><\/li>\n<li><a title=\"Aller \u00e0 cette section\" href=\"#liens-hypertextes\">1.8. Liens hypertextes<\/a><\/li>\n<li><a title=\"Aller \u00e0 cette section\" href=\"#droit-applicable\">1.9. Droit applicable et attribution de juridiction<\/a><\/li>\n<li><a title=\"Aller \u00e0 cette section\" href=\"#lois\">1.10. Les principales lois concern\u00e9es<\/a><\/li>\n<li><a title=\"Aller \u00e0 cette section\" href=\"#lexique\">1.11. Lexique<\/a><\/li>\n<\/ul>\n<\/li>\n<li><a title=\"Aller \u00e0 cette section\" href=\"#RGPD\">2. Protection des donn\u00e9es \/ RGPD<\/a>\n<ul>\n<li><a title=\"Aller \u00e0 cette section\" href=\"#donnees-personnelles\">2.1. Donn\u00e9es personnelles<\/a><\/li>\n<li><a title=\"Aller \u00e0 cette section\" href=\"#droit-acces\">2.1. Droit d&#8217;acc\u00e8s<\/a><\/li>\n<li><a title=\"Aller \u00e0 cette section\" href=\"#droit-rectification\">2.2. Droit de rectification<\/a><\/li>\n<li><a title=\"Aller \u00e0 cette section\" href=\"#droit-opposition\">2.3. Droit d&#8217;opposition<\/a><\/li>\n<li><a title=\"Aller \u00e0 cette section\" href=\"#cookies\">2.4. Cookies<\/a><\/li>\n<li><a title=\"Aller \u00e0 cette section\" href=\"#securisation-donnees\">2.5. S\u00e9curisation des donn\u00e9es<\/a><\/li>\n<\/ul>\n<\/li>\n<\/ul>\n<h2 id=\"informations-legales\">1. Informations l\u00e9gales<\/h2>\n<h3 id=\"presentation-site\">1.1. Pr\u00e9sentation du site.<\/h3>\n<p>En vertu de l\u2019article 6 de la loi n\u00b0 2004-575 du 21 juin 2004 pour la confiance dans l\u2019\u00e9conomie num\u00e9rique, il est pr\u00e9cis\u00e9 aux utilisateurs du site <a title=\"Be Steel - https:\/\/be-steel.com\" href=\"http:\/\/https:\/\/be-steel.com\/\">https:\/\/be-steel.com<\/a> l\u2019identit\u00e9 des diff\u00e9rents intervenants dans le cadre de sa r\u00e9alisation et de son suivi :<\/p>\n<p><strong>Propri\u00e9taire<\/strong> : Be Steel &#8211; Duarrefstrooss 62, L9990 Weiswampach<br \/>\n<strong>Cr\u00e9ateur<\/strong> : Blue Pixel<br \/>\n<strong>Responsable publication<\/strong> : Be Steel \/ +32(0) 472\/79 24 51<br \/>\n<strong>Webmaster<\/strong> : Blue Pixel<br \/>\n<strong>H\u00e9bergeur<\/strong> : OVH<\/p>\n<h3 id=\"cgu\">1.2. Conditions g\u00e9n\u00e9rales d\u2019utilisation du site et des services propos\u00e9s.<\/h3>\n<p>L\u2019utilisation du site <a title=\"Be Steel - https:\/\/be-steel.com\" href=\"http:\/\/https:\/\/be-steel.com\/\">https:\/\/be-steel.com<\/a> implique l\u2019acceptation pleine et enti\u00e8re des conditions g\u00e9n\u00e9rales d\u2019utilisation ci-apr\u00e8s d\u00e9crites. Ces conditions d\u2019utilisation sont susceptibles d\u2019\u00eatre modifi\u00e9es ou compl\u00e9t\u00e9es \u00e0 tout moment, les utilisateurs du site <a title=\"Be Steel - https:\/\/be-steel.com\" href=\"http:\/\/https:\/\/be-steel.com\/\">https:\/\/be-steel.com<\/a> sont donc invit\u00e9s \u00e0 les consulter de mani\u00e8re r\u00e9guli\u00e8re.<\/p>\n<p>Ce site est normalement accessible \u00e0 tout moment aux utilisateurs. Une interruption pour raison de maintenance technique peut \u00eatre toutefois d\u00e9cid\u00e9e par Be Steel, qui s\u2019efforcera alors de communiquer pr\u00e9alablement aux utilisateurs les dates et heures de l\u2019intervention.<\/p>\n<p>Le site <a title=\"Be Steel - https:\/\/be-steel.com\" href=\"http:\/\/https:\/\/be-steel.com\/\">https:\/\/be-steel.com<\/a> est mis \u00e0 jour r\u00e9guli\u00e8rement par Mon Agence SPRL. De la m\u00eame fa\u00e7on, les mentions l\u00e9gales peuvent \u00eatre modifi\u00e9es \u00e0 tout moment : elles s\u2019imposent n\u00e9anmoins \u00e0 l\u2019utilisateur qui est invit\u00e9 \u00e0 s\u2019y r\u00e9f\u00e9rer le plus souvent possible afin d\u2019en prendre connaissance.<\/p>\n<h3 id=\"services-fournis\">1.3. Description des services fournis.<\/h3>\n<p>Le site <a title=\"Be Steel - https:\/\/be-steel.com\" href=\"http:\/\/https:\/\/be-steel.com\/\">https:\/\/be-steel.com<\/a> a pour objet de fournir une information concernant l\u2019ensemble des activit\u00e9s de la soci\u00e9t\u00e9.<\/p>\n<p>Be Steel s\u2019efforce de fournir sur le site <a title=\"Be Steel - https:\/\/be-steel.com\" href=\"http:\/\/https:\/\/be-steel.com\/\">https:\/\/be-steel.com<\/a> des informations aussi pr\u00e9cises que possible. Toutefois, il ne pourra \u00eatre tenue responsable des omissions, des inexactitudes et des carences dans la mise \u00e0 jour, qu\u2019elles soient de son fait ou du fait des tiers partenaires qui lui fournissent ces informations.<\/p>\n<p>Tous les informations indiqu\u00e9es sur le site <a title=\"Be Steel - https:\/\/be-steel.com\" href=\"http:\/\/https:\/\/be-steel.com\/\">https:\/\/be-steel.com<\/a> sont donn\u00e9es \u00e0 titre indicatif, et sont susceptibles d\u2019\u00e9voluer. Par ailleurs, les renseignements figurant sur le site <a title=\"Be Steel - https:\/\/be-steel.com\" href=\"http:\/\/https:\/\/be-steel.com\/\">https:\/\/be-steel.com<\/a> ne sont pas exhaustifs. Ils sont donn\u00e9s sous r\u00e9serve de modifications ayant \u00e9t\u00e9 apport\u00e9es depuis leur mise en ligne.<\/p>\n<h3 id=\"limitations-contractuelles\">1.4. Limitations contractuelles sur les donn\u00e9es techniques.<\/h3>\n<p>Le site utilise la technologie JavaScript.<\/p>\n<p>Le site Internet ne pourra \u00eatre tenu responsable de dommages mat\u00e9riels li\u00e9s \u00e0 l\u2019utilisation du site. De plus, l\u2019utilisateur du site s\u2019engage \u00e0 acc\u00e9der au site en utilisant un mat\u00e9riel r\u00e9cent, ne contenant pas de virus et avec un navigateur de derni\u00e8re g\u00e9n\u00e9ration mis-\u00e0-jour<\/p>\n<h3 id=\"propriete-intellectuelle\">1.5. Propri\u00e9t\u00e9 intellectuelle et contrefa\u00e7ons.<\/h3>\n<p>Be Steel est propri\u00e9taire des droits de propri\u00e9t\u00e9 intellectuelle ou d\u00e9tient les droits d\u2019usage sur tous les \u00e9l\u00e9ments accessibles sur le site, notamment les textes, images, graphismes, logo, ic\u00f4nes, sons, logiciels.<\/p>\n<p>Toute reproduction, repr\u00e9sentation, modification, publication, adaptation de tout ou partie des \u00e9l\u00e9ments du site, quel que soit le moyen ou le proc\u00e9d\u00e9 utilis\u00e9, est interdite, sauf autorisation \u00e9crite pr\u00e9alable de : Be Steel.<\/p>\n<p>Toute exploitation non autoris\u00e9e du site ou de l\u2019un quelconque des \u00e9l\u00e9ments qu\u2019il contient sera consid\u00e9r\u00e9e comme constitutive d\u2019une contrefa\u00e7on et poursuivie conform\u00e9ment aux dispositions des articles L.335-2 et suivants du Code de Propri\u00e9t\u00e9 Intellectuelle.<\/p>\n<h3 id=\"limitations-responsabilites\">1.6. Limitations de responsabilit\u00e9.<\/h3>\n<p>Be Steel ne pourra \u00eatre tenue responsable des dommages directs et indirects caus\u00e9s au mat\u00e9riel de l\u2019utilisateur, lors de l\u2019acc\u00e8s au site https:\/\/be-steel.com, et r\u00e9sultant soit de l\u2019utilisation d\u2019un mat\u00e9riel ne r\u00e9pondant pas aux sp\u00e9cifications indiqu\u00e9es au point 4, soit de l\u2019apparition d\u2019un bug ou d\u2019une incompatibilit\u00e9.<\/p>\n<p>Be Steel ne pourra \u00e9galement \u00eatre tenue responsable des dommages indirects (tels par exemple qu\u2019une perte de march\u00e9 ou perte d\u2019une chance) cons\u00e9cutifs \u00e0 l\u2019utilisation du site <a title=\"Be Steel - https:\/\/be-steel.com\" href=\"http:\/\/https:\/\/be-steel.com\/\">https:\/\/be-steel.com<\/a>.<\/p>\n<p>Des espaces interactifs (possibilit\u00e9 de poser des questions dans l\u2019espace contact) sont \u00e0 la disposition des utilisateurs. Be Steel se r\u00e9serve le droit de supprimer, sans mise en demeure pr\u00e9alable, tout contenu d\u00e9pos\u00e9 dans cet espace qui contreviendrait \u00e0 la l\u00e9gislation applicable en Belgique, en particulier aux dispositions relatives \u00e0 la protection des donn\u00e9es. Le cas \u00e9ch\u00e9ant, Be Steel se r\u00e9serve \u00e9galement la possibilit\u00e9 de mettre en cause la responsabilit\u00e9 civile et\/ou p\u00e9nale de l\u2019utilisateur, notamment en cas de message \u00e0 caract\u00e8re raciste, injurieux, diffamant, ou pornographique, quel que soit le support utilis\u00e9 (texte, photographie\u2026).<\/p>\n<h3 id=\"gestion-donnees\">1.7. Gestion des donn\u00e9es personnelles.<\/h3>\n<p>En Belgique, les donn\u00e9es personnelles sont notamment prot\u00e9g\u00e9es par la loi n\u00b0 78-87 du 6 janvier 1978, la loi n\u00b0 2004-801 du 6 ao\u00fbt 2004, l\u2019article L. 226-13 du Code p\u00e9nal et la Directive Europ\u00e9enne du 24 octobre 1995.<\/p>\n<p>A l\u2019occasion de l\u2019utilisation du site <a title=\"Be Steel - https:\/\/be-steel.com\" href=\"http:\/\/https:\/\/be-steel.com\/\">https:\/\/be-steel.com<\/a>, peuvent \u00eatres recueillies : l\u2019URL des liens par l\u2019interm\u00e9diaire desquels l\u2019utilisateur a acc\u00e9d\u00e9 au site <a title=\"Be Steel - https:\/\/be-steel.com\" href=\"http:\/\/https:\/\/be-steel.com\/\">https:\/\/be-steel.com<\/a>, le fournisseur d\u2019acc\u00e8s de l\u2019utilisateur, l\u2019adresse de protocole Internet (IP) de l\u2019utilisateur.<\/p>\n<p>En tout \u00e9tat de cause Be Steel ne collecte des informations personnelles relatives \u00e0 l\u2019utilisateur que pour le besoin de certains services propos\u00e9s par le site <a title=\"Be Steel - https:\/\/be-steel.com\" href=\"http:\/\/https:\/\/be-steel.com\/\">https:\/\/be-steel.com<\/a>. L\u2019utilisateur fournit ces informations en toute connaissance de cause, notamment lorsqu\u2019il proc\u00e8de par lui-m\u00eame \u00e0 leur saisie. Il est alors pr\u00e9cis\u00e9 \u00e0 l\u2019utilisateur du site <a title=\"Be Steel - https:\/\/be-steel.com\" href=\"http:\/\/https:\/\/be-steel.com\/\">https:\/\/be-steel.com<\/a> l\u2019obligation ou non de fournir ces informations.<\/p>\n<p>Conform\u00e9ment aux dispositions des articles 38 et suivants de la loi 78-17 du 6 janvier 1978 relative \u00e0 l\u2019informatique, aux fichiers et aux libert\u00e9s, tout utilisateur dispose d\u2019un droit d\u2019acc\u00e8s, de rectification et d\u2019opposition aux donn\u00e9es personnelles le concernant, en effectuant sa demande \u00e9crite et sign\u00e9e, accompagn\u00e9e d\u2019une copie du titre d\u2019identit\u00e9 avec signature du titulaire de la pi\u00e8ce, en pr\u00e9cisant l\u2019adresse \u00e0 laquelle la r\u00e9ponse doit \u00eatre envoy\u00e9e.<\/p>\n<p>Aucune information personnelle de l\u2019utilisateur du site <a title=\"Be Steel - https:\/\/be-steel.com\" href=\"http:\/\/https:\/\/be-steel.com\/\">https:\/\/be-steel.com<\/a> n\u2019est publi\u00e9e \u00e0 l\u2019insu de l\u2019utilisateur, \u00e9chang\u00e9e, transf\u00e9r\u00e9e, c\u00e9d\u00e9e ou vendue sur un support quelconque \u00e0 des tiers. Seule l\u2019hypoth\u00e8se du rachat de Be Steel et de ses droits permettrait la transmission des dites informations \u00e0 l\u2019\u00e9ventuel acqu\u00e9reur qui serait \u00e0 son tour tenu de la m\u00eame obligation de conservation et de modification des donn\u00e9es vis \u00e0 vis de l\u2019utilisateur du site <a title=\"Be Steel - https:\/\/be-steel.com\" href=\"http:\/\/https:\/\/be-steel.com\/\">https:\/\/be-steel.com<\/a>.<\/p>\n<p>Pour plus d&#8217;informations, rendez-vous \u00e0 la section <a title=\"Aller \u00e0 cette section\" href=\"#RGPD\">RGPD &#8211; Protection des donn\u00e9es<\/a><\/p>\n<h3 id=\"liens-hypertextes\">1.8. Liens hypertextes.<\/h3>\n<p>Le site <a title=\"Be Steel - https:\/\/be-steel.com\" href=\"http:\/\/https:\/\/be-steel.com\/\">https:\/\/be-steel.com<\/a> contient un certain nombre de liens hypertextes vers d\u2019autres sites, mis en place avec l\u2019autorisation de Be Steel. Cependant, Be Steel n\u2019a pas la possibilit\u00e9 de v\u00e9rifier le contenu des sites ainsi visit\u00e9s, et n\u2019assumera en cons\u00e9quence aucune responsabilit\u00e9 de ce fait.<\/p>\n<h3 id=\"droit-applicable\">1.9. Droit applicable et attribution de juridiction.<\/h3>\n<p>Tout litige en relation avec l\u2019utilisation du site <a title=\"Be Steel - https:\/\/be-steel.com\" href=\"http:\/\/https:\/\/be-steel.com\/\">https:\/\/be-steel.com<\/a> est soumis au droit belge. Il est fait attribution exclusive de juridiction aux tribunaux comp\u00e9tents de Li\u00e8ge.<\/p>\n<h3 id=\"lois\">1.10. Les principales lois concern\u00e9es.<\/h3>\n<p>Loi n\u00b0 78-17 du 6 janvier 1978, notamment modifi\u00e9e par la loi n\u00b0 2004-801 du 6 ao\u00fbt 2004 relative \u00e0 l\u2019informatique, aux fichiers et aux libert\u00e9s.<\/p>\n<p>Loi n\u00b0 2004-575 du 21 juin 2004 pour la confiance dans l\u2019\u00e9conomie num\u00e9rique.<\/p>\n<h3 id=\"lexique\">1.11. Lexique.<\/h3>\n<p>Utilisateur : Internaute se connectant, utilisant le site susnomm\u00e9.<\/p>\n<p>Informations personnelles : \u00ab les informations qui permettent, sous quelque forme que ce soit, directement ou non, l\u2019identification des personnes physiques auxquelles elles s\u2019appliquent \u00bb (article 4 de la loi n\u00b0 78-17 du 6 janvier 1978).<\/p>\n<p>Cr\u00e9dits : subdelirium<\/p>\n<h2 id=\"RGPD\">2. Protection des donn\u00e9es \/ RGPD<\/h2>\n<h3 id=\"donnees-personnelles\">2.1. Donn\u00e9es personnelles<\/h3>\n<p>Be Steel s&#8217;engage \u00e0 ce que la collecte et le traitement de vos donn\u00e9es, effectu\u00e9s \u00e0 partir du site https:\/\/be-steel.com, soient conformes au r\u00e8glement g\u00e9n\u00e9ral sur la protection des donn\u00e9es (RGPD) et \u00e0 la loi Informatique et Libert\u00e9s.<\/p>\n<p>Chaque formulaire ou t\u00e9l\u00e9service limite la collecte des donn\u00e9es personnelles au strict n\u00e9cessaire (minimisation des donn\u00e9es) et indique notamment :<\/p>\n<ul>\n<li>quels sont les objectifs du recueil de ces donn\u00e9es (finalit\u00e9s) ;<\/li>\n<li>si ces donn\u00e9es sont obligatoires ou facultatives pour la gestion de votre demande ;<\/li>\n<li>qui pourra en prendre connaissance (uniquement Be Steel en principe, sauf pr\u00e9cision dans le formulaire lorsqu&#8217;une transmission \u00e0 un tiers est n\u00e9cessaire \u00e0 la gestion de votre demande) ;<\/li>\n<li>vos droits Informatique et Libert\u00e9s et la fa\u00e7on de les exercer aupr\u00e8s de Be Steel.<\/li>\n<\/ul>\n<p>Les donn\u00e9es personnelles recueillies dans le cadre des services propos\u00e9s sur https:\/\/be-steel.com sont trait\u00e9es selon des protocoles s\u00e9curis\u00e9s et permettent \u00e0 Be Steel de g\u00e9rer les demandes re\u00e7ues dans ses applications informatiques. La dur\u00e9e de conservation de vos donn\u00e9es personnelles est de 24 mois.<\/p>\n<p>Pour toute information ou exercice de vos droits Informatique et Libert\u00e9s sur les traitements de donn\u00e9es personnelles g\u00e9r\u00e9s par Be Steel, vous pouvez contacter son d\u00e9l\u00e9gu\u00e9 \u00e0 la protection des donn\u00e9es (DPO) :<\/p>\n<ul>\n<li>via <a href=\"https:\/\/be-steel.com\/contact\/\">notre formulaire de contact<\/a><\/li>\n<li>ou par courrier sign\u00e9 accompagn\u00e9 de la copie d\u2019un titre d\u2019identit\u00e9 \u00e0 l&#8217;adresse suivante :<br \/>\nDuarrefstrooss 62<\/p>\n<p>Duarrefstrooss 62, L9990 Weiswampach<\/li>\n<\/ul>\n<p>Vous recevrez une r\u00e9ponse de notre part dans les 30 jours ouvrables.<\/p>\n<article id=\"droit-acces\">\n<h3>2.1. Droit d&#8217;acc\u00e8s<\/h3>\n<p>Vous pouvez demander directement au responsable d&#8217;un fichier s&#8217;il d\u00e9tient des informations sur vous, et demander \u00e0 ce que l\u2019on vous communique l\u2019int\u00e9gralit\u00e9 de ces donn\u00e9es. L&#8217;exercice du droit d\u2019acc\u00e8s permet de contr\u00f4ler l&#8217;exactitude des donn\u00e9es et, au besoin, de les faire rectifier ou effacer.<\/p>\n<p>Pour toute demande d&#8217;acc\u00e8s \u00e0 vos informations, vous pouvez contacter notre d\u00e9l\u00e9gu\u00e9 \u00e0 la protection des donn\u00e9es (DPO) :<\/p>\n<ul>\n<li>via <a href=\"https:\/\/be-steel.com\/contact\/\">notre formulaire de contact<\/a><\/li>\n<li>ou par courrier sign\u00e9 accompagn\u00e9 de la copie d\u2019un titre d\u2019identit\u00e9 \u00e0 l&#8217;adresse suivante :<br \/>\nDuarrefstrooss 62<\/p>\n<p>Duarrefstrooss 62, L9990 Weiswampach<\/li>\n<\/ul>\n<p>Vous recevrez une r\u00e9ponse de notre part dans les 30 jours ouvrables.<\/p>\n<\/article>\n<article id=\"droit-rectification\">\n<h3>2.2. Droit de rectification<\/h3>\n<p>Vous pouvez demander la rectification des informations inexactes vous concernant. Le droit de rectification compl\u00e8te le droit d\u2019acc\u00e8s. Il permet d\u2019\u00e9viter qu\u2019un organisme ne traite ou ne diffuse de fausses informations sur vous.<\/p>\n<p>Pour toute demande d&#8217;acc\u00e8s \u00e0 vos informations, vous pouvez contacter notre d\u00e9l\u00e9gu\u00e9 \u00e0 la protection des donn\u00e9es (DPO) :<\/p>\n<ul>\n<li>via <a href=\"https:\/\/be-steel.com\/contact\/\">notre formulaire de contact<\/a><\/li>\n<li>ou par courrier sign\u00e9 accompagn\u00e9 de la copie d\u2019un titre d\u2019identit\u00e9 \u00e0 l&#8217;adresse suivante :<br \/>\nDuarrefstrooss 62<\/p>\n<p>Duarrefstrooss 62, L9990 Weiswampach<\/li>\n<\/ul>\n<p>Vous recevrez une r\u00e9ponse de notre part dans les 30 jours ouvrables.<\/p>\n<\/article>\n<article id=\"droit-opposition\">\n<h3>2.3. Droit d&#8217;opposition<\/h3>\n<p>Vous pouvez vous opposer, pour des motifs l\u00e9gitimes, \u00e0 figurer dans un fichier. En mati\u00e8re de prospection, notamment commerciale, ce droit peut s&#8217;exercer sans avoir \u00e0 justifier d&#8217;un motif l\u00e9gitime. Vous pouvez vous opposer \u00e0 ce que les donn\u00e9es vous concernant soient diffus\u00e9es, transmises ou conserv\u00e9es.<\/p>\n<p>Pour toute demande d&#8217;acc\u00e8s \u00e0 vos informations, vous pouvez contacter notre d\u00e9l\u00e9gu\u00e9 \u00e0 la protection des donn\u00e9es (DPO) :<\/p>\n<ul>\n<li>via <a href=\"https:\/\/be-steel.com\/contact\/\">notre formulaire de contact<\/a><\/li>\n<li>ou par courrier sign\u00e9 accompagn\u00e9 de la copie d\u2019un titre d\u2019identit\u00e9 \u00e0 l&#8217;adresse suivante :<br \/>\nDuarrefstrooss 62<\/p>\n<p>Duarrefstrooss 62, L9990 Weiswampach<\/li>\n<\/ul>\n<p>Vous recevrez une r\u00e9ponse de notre part dans les 30 jours ouvrables.<\/p>\n<\/article>\n<article id=\"cookies\">\n<h3>2.4. Cookies<\/h3>\n<h4>Qu\u2019est-ce qu\u2019un cookie ?<\/h4>\n<p>Les cookies sont de petits fichiers texte qui sont install\u00e9s sur votre ordinateur ou votre p\u00e9riph\u00e9rique lorsque vous visitez nos sites Web.<\/p>\n<h4>Finalit\u00e9 des cookies<\/h4>\n<p>Nous utilisons les cookies afin de mesurer les statistiques de visites sur notre site<\/p>\n<h4>Notre utilisation des cookies<\/h4>\n<p>Nous utilisons les cookies pour :<\/p>\n<ul>\n<li>Vous identifier lorsque vous vous connectez \u00e0 nos sites Web.<\/li>\n<li>\u00c0 des fins statistiques (\u00e9tude de l&#8217;audience) via Google Analytics<\/li>\n<\/ul>\n<h4>Informations collect\u00e9es gr\u00e2ce aux cookies<\/h4>\n<p>Les cookies nous aident \u00e0 recueillir des renseignements sur la fa\u00e7on dont vous utilisez notre site Web, mais nous ne conservons aucune information permettant de vous identifier personnellement dans les donn\u00e9es de nos cookies vous concernant. Nous enregistrons uniquement un identifiant de session unique qui nous aidera \u00e0 retrouver un profil d\u2019utilisateur ainsi que vos pr\u00e9f\u00e9rences lors de votre prochaine visite.<\/p>\n<h4>Types de cookies<\/h4>\n<ul>\n<li>Cookies de session : les cookies de ce type sont temporairement stock\u00e9s sur votre ordinateur ou votre p\u00e9riph\u00e9rique pendant une session de navigation. Ils sont effac\u00e9s de votre ordinateur ou de votre p\u00e9riph\u00e9rique \u00e0 la fin de la session de navigation.<\/li>\n<li>Cookies permanents : les cookies de ce type demeurent plus longtemps sur votre ordinateur. Les cookies permanents nous aident \u00e0 vous reconna\u00eetre lorsque nous devons savoir qui vous \u00eates pour plus d\u2019une session de navigation.<\/li>\n<\/ul>\n<h4>Gestion des cookies<\/h4>\n<p>Le menu de la plupart des navigateurs comporte des options vous permettant de g\u00e9rer vos cookies en r\u00e9glant ou en configurant vos param\u00e8tres de cookies.<br \/>\nG\u00e9n\u00e9ralement, le navigateur vous offre la possibilit\u00e9 :<\/p>\n<ul>\n<li>d\u2019afficher vos cookies ;<\/li>\n<li>d\u2019autoriser les cookies ;<\/li>\n<li>de d\u00e9sactiver tous les cookies, ou uniquement des cookies pr\u00e9cis ;<\/li>\n<li>de d\u00e9sactiver tous les cookies lorsque vous fermez votre navigateur ;<\/li>\n<li>de bloquer les cookies ;<\/li>\n<li>d\u2019\u00eatre inform\u00e9 lorsque vous recevez un cookie.<\/li>\n<\/ul>\n<p>Veuillez noter que si vous choisissez de bloquer nos cookies, la plupart des fonctionnalit\u00e9s de ce site seront d\u00e9sactiv\u00e9es (notamment l\u2019inscription, la possibilit\u00e9 de poster un commentaire et toute autre interaction) et votre navigation risque \u00e9galement d\u2019en \u00eatre affect\u00e9e. Si vous configurez les options de votre navigateur pour supprimer tous les cookies, vos pr\u00e9f\u00e9rences de navigation seront effac\u00e9es \u00e0 la fermeture de votre navigateur.<\/p>\n<p>Veuillez noter qu\u2019\u00e0 moins que vous n\u2019ayez r\u00e9gl\u00e9 les param\u00e8tres de votre navigateur de fa\u00e7on \u00e0 refuser les cookies, notre syst\u00e8me \u00e9mettra des cookies d\u00e8s que vous vous rendrez sur l\u2019un de nos sites.<\/p>\n<p>Le refus d\u2019installation d\u2019un cookie peut entra\u00eener l\u2019impossibilit\u00e9 d\u2019acc\u00e9der \u00e0 certains services. L\u2019utilisateur peut toutefois configurer son ordinateur de la mani\u00e8re suivante, pour refuser l\u2019installation des cookies :<\/p>\n<p>Sous Internet Explorer : onglet outil (pictogramme en forme de rouage en haut a droite) \/ options internet. Cliquez sur Confidentialit\u00e9 et choisissez Bloquer tous les cookies. Validez sur Ok.<\/p>\n<p>Sous Firefox : en haut de la fen\u00eatre du navigateur, cliquez sur le bouton Firefox, puis aller dans l\u2019onglet Options. Cliquer sur l\u2019onglet Vie priv\u00e9e.<br \/>\nParam\u00e9trez les R\u00e8gles de conservation sur : utiliser les param\u00e8tres personnalis\u00e9s pour l\u2019historique. Enfin d\u00e9cochez-la pour d\u00e9sactiver les cookies.<\/p>\n<p>Sous Safari : Cliquez en haut \u00e0 droite du navigateur sur le pictogramme de menu (symbolis\u00e9 par un rouage). S\u00e9lectionnez Param\u00e8tres. Cliquez sur Afficher les param\u00e8tres avanc\u00e9s. Dans la section \u00ab\u00a0Confidentialit\u00e9\u00a0\u00bb, cliquez sur Param\u00e8tres de contenu. Dans la section \u00ab\u00a0Cookies\u00a0\u00bb, vous pouvez bloquer les cookies.<\/p>\n<p>Sous Chrome : Cliquez en haut \u00e0 droite du navigateur sur le pictogramme de menu (symbolis\u00e9 par trois lignes horizontales). S\u00e9lectionnez Param\u00e8tres. Cliquez sur Afficher les param\u00e8tres avanc\u00e9s. Dans la section \u00ab\u00a0Confidentialit\u00e9\u00a0\u00bb, cliquez sur pr\u00e9f\u00e9rences. Dans l\u2019onglet \u00ab\u00a0Confidentialit\u00e9\u00a0\u00bb, vous pouvez bloquer les cookies.<\/p>\n<h4>Informations suppl\u00e9mentaires sur les cookies<\/h4>\n<p>Pour en savoir plus sur les cookies, nous vous invitons \u00e0 consulter la page de la CNIL :<\/p>\n<p>http:\/\/www.cnil.fr\/vos-libertes\/vos-traces\/les-cookies\/<\/p>\n<\/article>\n<article id=\"securisation-donnees\">\n<h3>2.5. S\u00e9curisation des donn\u00e9es<\/h3>\n<p>Nous mettons tout en \u0153uvre pour garantir la s\u00e9curisation de vos donn\u00e9es. Notre site est prot\u00e9g\u00e9 par le protocol HTTPS et les informations \u00e9chang\u00e9e sont crypt\u00e9es.<\/p>\n<\/article>\n","protected":false},"excerpt":{"rendered":"<p>Mentions l\u00e9gales 1. Informations l\u00e9gales 1.1. Pr\u00e9sentation du site 1.2. Conditions g\u00e9n\u00e9rales d\u2019utilisation du site et des services propos\u00e9s 1.3. Description des services fournis 1.4. Limitations contractuelles sur les donn\u00e9es techniques 1.5. Propri\u00e9t\u00e9 intellectuelle et contrefa\u00e7ons 1.6. Limitations de responsabilit\u00e9 1.7. Gestion des donn\u00e9es personnelles 1.8. Liens hypertextes 1.9. Droit applicable et attribution de juridiction [&hellip;]<\/p>\n","protected":false},"author":1,"featured_media":0,"parent":0,"menu_order":0,"comment_status":"closed","ping_status":"closed","template":"template-about.php","meta":[],"_links":{"self":[{"href":"http:\/\/be-steel.com\/en\/wp-json\/wp\/v2\/pages\/433"}],"collection":[{"href":"http:\/\/be-steel.com\/en\/wp-json\/wp\/v2\/pages"}],"about":[{"href":"http:\/\/be-steel.com\/en\/wp-json\/wp\/v2\/types\/page"}],"author":[{"embeddable":true,"href":"http:\/\/be-steel.com\/en\/wp-json\/wp\/v2\/users\/1"}],"replies":[{"embeddable":true,"href":"http:\/\/be-steel.com\/en\/wp-json\/wp\/v2\/comments?post=433"}],"version-history":[{"count":2,"href":"http:\/\/be-steel.com\/en\/wp-json\/wp\/v2\/pages\/433\/revisions"}],"predecessor-version":[{"id":443,"href":"http:\/\/be-steel.com\/en\/wp-json\/wp\/v2\/pages\/433\/revisions\/443"}],"wp:attachment":[{"href":"http:\/\/be-steel.com\/en\/wp-json\/wp\/v2\/media?parent=433"}],"curies":[{"name":"wp","href":"https:\/\/api.w.org\/{rel}","templated":true}]}}